{"id":416,"date":"2021-02-21T16:26:15","date_gmt":"2021-02-21T16:26:15","guid":{"rendered":"https:\/\/vanhooft-legal.com\/home\/"},"modified":"2024-09-23T14:25:58","modified_gmt":"2024-09-23T14:25:58","slug":"home","status":"publish","type":"page","link":"https:\/\/vanhooft-legal.com\/fr\/","title":{"rendered":"Accueil"},"content":{"rendered":"<p>[et_pb_section fb_built=\u00a0\u00bb1&Prime; _builder_version=\u00a0\u00bb4.16&Prime; custom_padding=\u00a0\u00bb0px|0px|0px|0px\u00a0\u00bb global_colors_info=\u00a0\u00bb{}\u00a0\u00bb][et_pb_row _builder_version=\u00a0\u00bb4.16&Prime; background_size=\u00a0\u00bbinitial\u00a0\u00bb background_position=\u00a0\u00bbtop_left\u00a0\u00bb background_repeat=\u00a0\u00bbrepeat\u00a0\u00bb custom_padding=\u00a0\u00bb0px|0px|0px|0px\u00a0\u00bb global_colors_info=\u00a0\u00bb{}\u00a0\u00bb][et_pb_column type=\u00a0\u00bb4_4&Prime; _builder_version=\u00a0\u00bb4.16&Prime; custom_padding=\u00a0\u00bb|||\u00a0\u00bb global_colors_info=\u00a0\u00bb{}\u00a0\u00bb custom_padding__hover=\u00a0\u00bb|||\u00a0\u00bb][et_pb_image src=\u00a0\u00bbhttps:\/\/vanhooft-legal.com\/wp-content\/uploads\/2018\/02\/Van-Hooft-Legal-Paris.jpg\u00a0\u00bb align_tablet=\u00a0\u00bbcenter\u00a0\u00bb align_phone=\u00a0\u00bb\u00a0\u00bb align_last_edited=\u00a0\u00bbon|desktop\u00a0\u00bb _builder_version=\u00a0\u00bb4.16&Prime; global_colors_info=\u00a0\u00bb{}\u00a0\u00bb][\/et_pb_image][\/et_pb_column][\/et_pb_row][\/et_pb_section][et_pb_section fb_built=\u00a0\u00bb1&Prime; _builder_version=\u00a0\u00bb4.16&Prime; custom_padding=\u00a0\u00bb25px|0px|0px|0px\u00a0\u00bb global_colors_info=\u00a0\u00bb{}\u00a0\u00bb][et_pb_row column_structure=\u00a0\u00bb2_3,1_3&Prime; _builder_version=\u00a0\u00bb4.16&Prime; custom_padding=\u00a0\u00bb0px|0px|38.0469px|0px\u00a0\u00bb global_colors_info=\u00a0\u00bb{}\u00a0\u00bb][et_pb_column type=\u00a0\u00bb2_3&Prime; _builder_version=\u00a0\u00bb4.16&Prime; custom_padding=\u00a0\u00bb|||\u00a0\u00bb global_colors_info=\u00a0\u00bb{}\u00a0\u00bb custom_padding__hover=\u00a0\u00bb|||\u00a0\u00bb][et_pb_text _builder_version=\u00a0\u00bb4.16&Prime; background_color=\u00a0\u00bbrgba(48,148,255,0.16)\u00a0\u00bb border_width_all=\u00a0\u00bb25px\u00a0\u00bb border_color_all=\u00a0\u00bbrgba(255,255,255,0)\u00a0\u00bb global_colors_info=\u00a0\u00bb{}\u00a0\u00bb]<\/p>\n<h1 style=\"text-align: justify;\">Bienvenue<\/h1>\n<p>&nbsp;<\/p>\n<p style=\"text-align: justify;\">\n<div style=\"text-align: justify;\">\n<p><span>Annet van Hooft est arbitre ind\u00e9pendant \u00e0 Paris. Apr\u00e8s avoir exerc\u00e9 pendant plus de 20 ans au sein de grands cabinets d\u2019avocats am\u00e9ricains et britanniques \u00e0 Bruxelles, New York et Paris et avoir \u00e9t\u00e9 conseiller \u00e0 la Cour d\u2019arbitrage de la CCI, elle <\/span><span lang=\"FR\">a <\/span><span>cr\u00e9e son propre cabinet d\u2019avocats d\u00e9di\u00e9 \u00e0 la pratique de l\u2019arbitrage international.<\/span><\/p>\n<p><span><\/span><\/p>\n<\/div>\n<div style=\"text-align: justify;\">\n<p><span>Annet a particip\u00e9 \u00e0 plus de 100 arbitrages en tant qu<\/span><span lang=\"FR\">\u2019arbitre ou<\/span><span> conseil. Elle a si\u00e9g\u00e9 comme arbitre dans des proc\u00e9dures soumises \u00e0 diff\u00e9rents r\u00e8glements d\u2019arbitrage (AFA, <\/span><span lang=\"FR\">CCI, <\/span><span>CEPANI, CMAP, DIA, DIS, HCC, NAI, SCC, SIAC, Swiss Chambers, <\/span><span lang=\"FR\">CNUDCI<\/span><span>, VIAC, WIPO).\u00e9<o:p><\/o:p><\/span><\/p>\n<p><span><\/span><\/p>\n<\/div>\n<div style=\"text-align: justify;\">\n<p><strong><span>\u00c0 propos d&rsquo;<\/span><\/strong><strong><span>Annet<\/span><\/strong><span><o:p><\/o:p><\/span><\/p>\n<p><strong><span><\/span><\/strong><\/p>\n<\/div>\n<div style=\"text-align: justify;\">\n<p><span>Annet est admise aux barreaux de juridictions de droit civil et de common law. Elle poss\u00e8de une vaste exp\u00e9rience, aussi bien en tant que conseil qu\u2019en tant qu\u2019arbitre. Elle intervient dans des arbitrages internationaux soumis \u00e0 diverses lois et relevant d\u2019une grande vari\u00e9t\u00e9 de secteurs et <\/span><span lang=\"FR\">de <\/span><span>domaines d\u2019activit\u00e9s, tels que la construction, l\u2019\u00e9nergie, la propri\u00e9t\u00e9 intellectuelle (ex.<\/span><span lang=\"FR\">\u00a0<\/span><span>: produits pharmaceutiques, sciences de la vie, technologie et communication) et le droit des soci\u00e9t\u00e9s (ex.<\/span><span lang=\"FR\">\u00a0<\/span><span>: joint-ventures, fusions et acquisitions).<\/span><\/p>\n<p><span><\/span><\/p>\n<\/div>\n<div style=\"text-align: justify;\">\n<p><span>En exer\u00e7ant au sein de sa propre structure dont elle est l\u2019unique associ\u00e9e, Annet est moins encline aux conflits d\u2019int\u00e9r\u00eats, qui sont fr\u00e9quents dans les grands cabinets. Ce choix lui permet aussi de se consacrer pleinement \u00e0 ses dossiers et d\u2019offrir ainsi une meilleure qualit\u00e9 de service.<\/span><\/p>\n<p><span><\/span><\/p>\n<\/div>\n<div style=\"text-align: justify;\">\n<p><strong><span>Prix et autres distinctions<\/span><\/strong><span><o:p><\/o:p><\/span><\/p>\n<p><strong><span><\/span><\/strong><\/p>\n<\/div>\n<div style=\"text-align: justify;\">\n<p><span>Annet se distingue dans de nombreux classements professionnels. Elle figure syst\u00e9matiquement depuis 2017 parmi les <b>Best Lawyers in France<\/b> en arbitrage et m\u00e9diation. En 2017, elle a \u00e9galement remport<\/span><span lang=\"FR\">\u00e9<\/span><span> le prix du \u00ab\u00a0<b><i>Best in Commercial Arbitration Award<\/i><\/b>\u00a0\u00bb d\u00e9cern\u00e9 par <b>Euromoney Women in Business Law Awards<\/b> (Europe). La m\u00eame ann\u00e9e, <b>Legal 500 Paris<\/b> a soulign\u00e9 \u00ab<\/span><span lang=\"FR\">\u00a0<\/span><i><span>la vaste exp\u00e9rience d\u2019Annet en mati\u00e8re de CCI<\/span><\/i><i><span lang=\"FR\">\u00a0<\/span><\/i><span>\u00bb.<\/span><\/p>\n<p><span><\/span><\/p>\n<\/div>\n<div style=\"text-align: justify;\">\n<p><span lang=\"FR\">En 2018, Annet <\/span><span>a \u00e9t\u00e9 class\u00e9e parmi les dix associ\u00e9s les plus r\u00e9put\u00e9s en Europe <\/span><span lang=\"FR\">en tant que \u00ab\u00a0<\/span><b><i><span>Who\u2019s Who Legal<\/span><\/i><\/b><i><span> <b>Future Leader<\/b><\/span><\/i><b><i><span lang=\"FR\">s\u00a0<\/span><\/i><\/b><span>\u00bb. <\/span><span lang=\"FR\">Depuis 2019, <\/span><span>Annet <\/span><span lang=\"FR\">est reconnue<\/span><span lang=\"FR\"> <\/span><span lang=\"FR\">au sein des classements \u00ab\u00a0<\/span><b><i><span>Who\u2019s Who Legal<\/span><\/i><\/b><b><i><span> <span lang=\"FR\">France<\/span><\/span><\/i><\/b><b><span lang=\"FR\">\u00a0<\/span><\/b><span lang=\"FR\">\u00bb et \u00ab\u00a0<b><i>Who\u2019s Who Legal Arbitration<\/i><\/b>\u00a0\u00bb.<\/span><\/p>\n<p><span lang=\"FR\"><\/span><\/p>\n<\/div>\n<div style=\"text-align: justify;\">\n<p><span lang=\"FR\">Depuis 2020, <b>Who\u2019s Who Legal<\/b> distingue Annet comme \u00e9tant une \u00ab\u00a0<b><i>Thought Leader<\/i><\/b>\u00a0\u00bb en pr\u00e9cisant qu\u2019elle <\/span><span>\u00ab<\/span><span lang=\"FR\">\u00a0<\/span><i><span>est devenue l\u2019un des meilleurs arbitres du march\u00e9 parisien et international<\/span><\/i><span lang=\"FR\">\u00a0<\/span><span>\u00bb<\/span><span lang=\"FR\"> et qu\u2019e<\/span><span>lle \u00ab<\/span><span lang=\"FR\">\u00a0<\/span><i><span>est calme, syst\u00e9matique et bienveillante<\/span><\/i><span lang=\"FR\">\u00a0<\/span><span>\u00bb. <\/span><span>\u00a0<span lang=\"FR\"><o:p><\/o:p><\/span><\/span><\/p>\n<p><span><\/span><\/p>\n<\/div>\n<div style=\"text-align: justify;\">\n<p><span lang=\"FR\">Depuis 2022, les qualit\u00e9s d\u2019Annet sont reconnues au sein du classement des arbitres en France de <b>Chambers &amp; Partners<\/b> qui souligne qu\u2019elle \u00ab\u00a0<i>est un arbitre tr\u00e8s exp\u00e9riment\u00e9 et c\u2019est un plaisir de travailler \u00e0 ses c\u00f4t\u00e9s<\/i>\u00a0\u00bb. D\u2019autres sources ont mentionn\u00e9 qu\u2019 \u00ab\u00a0<i>elle conna\u00eet tr\u00e8s bien tous les aspects et techniques des proc\u00e9dures d\u2019arbitrage<\/i>\u00a0\u00bb, qu\u2019 \u00ab\u00a0<i>elle est diligente dans son approche et elle peut travailler en fran\u00e7ais, n\u00e9erlandais et anglais, ce qui est un atout consid\u00e9rable<\/i>\u00a0\u00bb.<o:p><\/o:p><\/span><\/p>\n<p><span lang=\"FR\"><\/span><\/p>\n<\/div>\n<div style=\"text-align: justify;\">\n<p><strong><span>Activit\u00e9s professionnelles<\/span><\/strong><span lang=\"FR\"><o:p><\/o:p><\/span><\/p>\n<p><strong><span><\/span><\/strong><\/p>\n<\/div>\n<div>\n<p style=\"text-align: justify;\"><span>Annet est un ancien vice-pr\u00e9sident de la Commission d\u2019arbitrage et d\u2019ADR de la CCI, et un co-pr\u00e9sident de la Commission ouverte d\u2019arbitrage international du Barreau de Paris. Elle est co-auteur de \u00ab<\/span><span lang=\"FR\">\u00a0<\/span><i><span>Arbitrating under the 2012 ICC Rules: An Introductory User\u2019s Guide<\/span><\/i><i><span lang=\"FR\">\u00a0<\/span><\/i><span>\u00bb (publi\u00e9 par Kluwer Law International). <o:p><\/o:p><\/span><\/p>\n<\/div>\n<p>[\/et_pb_text][\/et_pb_column][et_pb_column type=\u00a0\u00bb1_3&Prime; _builder_version=\u00a0\u00bb4.16&Prime; custom_padding=\u00a0\u00bb|||\u00a0\u00bb global_colors_info=\u00a0\u00bb{}\u00a0\u00bb custom_padding__hover=\u00a0\u00bb|||\u00a0\u00bb][et_pb_image src=\u00a0\u00bbhttps:\/\/vanhooft-legal.com\/wp-content\/uploads\/2023\/02\/AVH-Website-6_Annet_F.jpg\u00a0\u00bb alt=\u00a0\u00bbAnnet van Hooft\u00a0\u00bb title_text=\u00a0\u00bbAVH Website-6_Annet_F\u00a0\u00bb align_tablet=\u00a0\u00bbcenter\u00a0\u00bb align_phone=\u00a0\u00bb\u00a0\u00bb align_last_edited=\u00a0\u00bbon|desktop\u00a0\u00bb _builder_version=\u00a0\u00bb4.19.5&Prime; global_colors_info=\u00a0\u00bb{}\u00a0\u00bb][\/et_pb_image][\/et_pb_column][\/et_pb_row][\/et_pb_section]<\/p>\n","protected":false},"excerpt":{"rendered":"<p>Bienvenue &nbsp; Annet van Hooft est arbitre ind\u00e9pendant \u00e0 Paris. Apr\u00e8s avoir exerc\u00e9 pendant plus de 20 ans au sein de grands cabinets d\u2019avocats am\u00e9ricains et britanniques \u00e0 Bruxelles, New York et Paris et avoir \u00e9t\u00e9 conseiller \u00e0 la Cour d\u2019arbitrage de la CCI, elle a cr\u00e9e son propre cabinet d\u2019avocats d\u00e9di\u00e9 \u00e0 la pratique [&hellip;]<\/p>\n","protected":false},"author":1,"featured_media":0,"parent":0,"menu_order":0,"comment_status":"closed","ping_status":"closed","template":"","meta":{"_et_pb_use_builder":"on","_et_pb_old_content":"","_et_gb_content_width":"","_exactmetrics_skip_tracking":false,"_exactmetrics_sitenote_active":false,"_exactmetrics_sitenote_note":"","_exactmetrics_sitenote_category":0,"footnotes":""},"class_list":["post-416","page","type-page","status-publish","hentry"],"_links":{"self":[{"href":"https:\/\/vanhooft-legal.com\/fr\/wp-json\/wp\/v2\/pages\/416","targetHints":{"allow":["GET"]}}],"collection":[{"href":"https:\/\/vanhooft-legal.com\/fr\/wp-json\/wp\/v2\/pages"}],"about":[{"href":"https:\/\/vanhooft-legal.com\/fr\/wp-json\/wp\/v2\/types\/page"}],"author":[{"embeddable":true,"href":"https:\/\/vanhooft-legal.com\/fr\/wp-json\/wp\/v2\/users\/1"}],"replies":[{"embeddable":true,"href":"https:\/\/vanhooft-legal.com\/fr\/wp-json\/wp\/v2\/comments?post=416"}],"version-history":[{"count":24,"href":"https:\/\/vanhooft-legal.com\/fr\/wp-json\/wp\/v2\/pages\/416\/revisions"}],"predecessor-version":[{"id":885,"href":"https:\/\/vanhooft-legal.com\/fr\/wp-json\/wp\/v2\/pages\/416\/revisions\/885"}],"wp:attachment":[{"href":"https:\/\/vanhooft-legal.com\/fr\/wp-json\/wp\/v2\/media?parent=416"}],"curies":[{"name":"wp","href":"https:\/\/api.w.org\/{rel}","templated":true}]}}