{"id":438,"date":"2021-02-22T16:30:57","date_gmt":"2021-02-22T16:30:57","guid":{"rendered":"https:\/\/vanhooft-legal.com\/cv\/"},"modified":"2025-04-23T21:30:47","modified_gmt":"2025-04-23T21:30:47","slug":"cv","status":"publish","type":"page","link":"https:\/\/vanhooft-legal.com\/fr\/cv\/","title":{"rendered":"CV"},"content":{"rendered":"<p>[et_pb_section fb_built=\u00a0\u00bb1&Prime; _builder_version=\u00a0\u00bb4.16&Prime; custom_padding=\u00a0\u00bb0px|0px|0px|0px\u00a0\u00bb global_colors_info=\u00a0\u00bb{}\u00a0\u00bb][et_pb_row _builder_version=\u00a0\u00bb4.16&Prime; background_size=\u00a0\u00bbinitial\u00a0\u00bb background_position=\u00a0\u00bbtop_left\u00a0\u00bb background_repeat=\u00a0\u00bbrepeat\u00a0\u00bb custom_padding=\u00a0\u00bb0px|0px|0px|0px\u00a0\u00bb global_colors_info=\u00a0\u00bb{}\u00a0\u00bb][et_pb_column type=\u00a0\u00bb4_4&Prime; _builder_version=\u00a0\u00bb4.16&Prime; custom_padding=\u00a0\u00bb|||\u00a0\u00bb global_colors_info=\u00a0\u00bb{}\u00a0\u00bb custom_padding__hover=\u00a0\u00bb|||\u00a0\u00bb][et_pb_image src=\u00a0\u00bbhttps:\/\/vanhooft-legal.com\/wp-content\/uploads\/2018\/02\/Van-Hooft-Legal-foto-1.jpg\u00a0\u00bb align_tablet=\u00a0\u00bbcenter\u00a0\u00bb align_phone=\u00a0\u00bb\u00a0\u00bb align_last_edited=\u00a0\u00bbon|desktop\u00a0\u00bb _builder_version=\u00a0\u00bb4.16&Prime; global_colors_info=\u00a0\u00bb{}\u00a0\u00bb][\/et_pb_image][\/et_pb_column][\/et_pb_row][\/et_pb_section][et_pb_section fb_built=\u00a0\u00bb1&Prime; _builder_version=\u00a0\u00bb4.16&Prime; custom_padding=\u00a0\u00bb0px|188px|25px|22px\u00a0\u00bb global_colors_info=\u00a0\u00bb{}\u00a0\u00bb][\/et_pb_section][et_pb_section fb_built=\u00a0\u00bb1&Prime; _builder_version=\u00a0\u00bb4.16&Prime; custom_padding=\u00a0\u00bb0px|0px|59.9479px|0px\u00a0\u00bb global_colors_info=\u00a0\u00bb{}\u00a0\u00bb][et_pb_row _builder_version=\u00a0\u00bb4.16&Prime; custom_padding=\u00a0\u00bb0px|0px|41px|0px\u00a0\u00bb global_colors_info=\u00a0\u00bb{}\u00a0\u00bb][et_pb_column type=\u00a0\u00bb4_4&Prime; _builder_version=\u00a0\u00bb4.16&Prime; custom_padding=\u00a0\u00bb|||\u00a0\u00bb global_colors_info=\u00a0\u00bb{}\u00a0\u00bb custom_padding__hover=\u00a0\u00bb|||\u00a0\u00bb][et_pb_text _builder_version=\u00a0\u00bb4.16&Prime; background_color=\u00a0\u00bbrgba(48,148,255,0.16)\u00a0\u00bb border_width_all=\u00a0\u00bb25px\u00a0\u00bb border_color_all=\u00a0\u00bbrgba(48,148,255,0)\u00a0\u00bb inline_fonts=\u00a0\u00bbAclonica\u00a0\u00bb global_colors_info=\u00a0\u00bb{}\u00a0\u00bb]<\/p>\n<h2>CURRICULUM VITAE<\/h2>\n<h5><\/h5>\n<h5>van Hooft<\/h5>\n<p><strong>Arbitre et conseil ind\u00e9pendant<br \/><\/strong>De f\u00e9vrier 2018 \u00e0 aujourd&rsquo;hui<\/p>\n<p>Annet si\u00e8ge en tant qu&rsquo;arbitre (arbitre unique, co-arbitre, pr\u00e9sident) dans des arbitrages internationaux en vertu de r\u00e8gles institutionnelles (AFA, CCI, CEPANI, CMAP, DIA, HCC, NAI, OMPI, SCC, SIAC, VIAC) et <em>ad hoc<\/em> (CNUDCI), en vertu de diverses lois applicables, et concernant divers secteurs et domaines, e.g., les sciences de la vie, le secteur minier, la construction, technologie, et le droit des soci\u00e9t\u00e9s (post-M&amp;A, joint-ventures).<\/p>\n<p>Annet exerce \u00e9galement en tant que co-conseil dans des affaires li\u00e9es \u00e0 la propri\u00e9t\u00e9 intellectuelle et \u00e0 la construction.<\/p>\n<h5>Bird &amp; Bird, Paris, France<\/h5>\n<p><strong>Associ\u00e9e, co-responsable de la pratique de r\u00e8glement des litiges internationaux<br \/><\/strong>Septembre 2011 \u2013 janvier 2018<\/p>\n<p>Annet a conseill\u00e9 et repr\u00e9sent\u00e9 des clients venant de divers secteurs, e.g., les sciences de la vie, l\u2019\u00e9nergie et la construction dans des arbitrages internationaux (CCI, CEPANI, DIS, HKIAC, LCIA, NAI, OMPI, SCC, SCAI) en vertu de diverses lois applicables. Elle a \u00e9galement repr\u00e9sent\u00e9 des clients dans des arbitrages internationaux dans le domaine des litiges post-M&amp;A.<\/p>\n<p><span style=\"font-size: 18px;\">Elle a r\u00e9guli\u00e8rement agi en tant qu\u2019arbitre dans des arbitrages internationaux (CCI, CEPANI, CMAP, DIS, <\/span><em style=\"font-size: 18px;\">ad hoc<\/em><span style=\"font-size: 18px;\">).<\/span><\/p>\n<h5>Jones Day, Paris, France<\/h5>\n<p><strong>Collaboratrice senior<\/strong><strong><br \/><\/strong>Septembre 2006 \u2013 septembre 2011<\/p>\n<p><span style=\"font-size: 18px;\">Annet a conseill\u00e9 et repr\u00e9sent\u00e9 des clients issus d\u2019une grande vari\u00e9t\u00e9 de secteurs, par exemple la construction, les produits pharmaceutiques, l\u2019\u00e9nergie et l\u2019h\u00f4tellerie dans des arbitrages internationaux en vertu de r\u00e8gles institutionnelles (CCI, SCC, OMPI) et <\/span><em style=\"font-size: 18px;\">ad hoc<\/em><span style=\"font-size: 18px;\"> (CNUDCI), conform\u00e9ment \u00e0 diverses lois applicables.<\/span><\/p>\n<p>Elle a r\u00e9guli\u00e8rement agi en tant qu\u2019arbitre dans des arbitrages internationaux (CCI).<\/p>\n<h5>cour internationale d&rsquo;Arbitrage de la CCI, Paris, France<\/h5>\n<p><strong>Conseillier<\/strong><strong><br \/><\/strong>Mars 2004 \u2013 septembre 2006\u00a0<\/p>\n<p><span style=\"font-size: 18px;\">Annet a g\u00e9r\u00e9 une \u00e9quipe administrant des arbitrages et elle a conseill\u00e9 les parties, avocats et arbitres sur le r\u00e8glement d\u2019arbitrage de la CCI. Elle a supervis\u00e9 des centaines de proc\u00e9dures d\u2019arbitrage international, ella a pr\u00e9par\u00e9 des d\u00e9cisions de la Cour de la CCI et elle a examin\u00e9 de nombreux projets de sentences arbitrales.<\/span><\/p>\n<h5>Cleary, Gottlieb, Steen &amp; Hamilton, Bruxelles, Belgique \/ New York, etats-unis<\/h5>\n<p><strong>Collaboratrice senior<\/strong><strong><br \/><\/strong>Octobre 1997 \u2013 f\u00e9vrier 2004<\/p>\n<p>Annet a conseill\u00e9 des clients sur des questions portant sur une grande vari\u00e9t\u00e9 de sujets, relevant du droit des contrats et du droit des soci\u00e9t\u00e9s, notamment sur les acquisitions transfrontali\u00e8res et les joint-ventures internationales.<\/p>\n<p>&nbsp;<\/p>\n<h3>Parcours Universitaire<\/h3>\n<p>Universit\u00e9 de Michigan, Ann Arbor, Michigan, Etats-Unis, LL.M. 1997.<br \/>Universit\u00e9 d\u2019Utrecht, Utrecht, Pays-Bas, \u201cDoctoraal\u201d Histoire de l\u2019Art (M.A.) 1996.<br \/>Universit\u00e9 d\u2019Utrecht, Utrecht, Pays-Bas, \u201cMeester in de Rechten\u201d (J.D.) 1995.<\/p>\n<p>&nbsp;<\/p>\n<h3>Barreaux<\/h3>\n<p>Barreau de Rotterdam (1998). Le registre de l&rsquo;Ordre des avocats n\u00e9erlandais reconnait qu\u2019Annet van Hooft est une sp\u00e9cialiste de l\u2019arbitrage. Conform\u00e9ment aux r\u00e8gles du Barreau n\u00e9erlandais, cette inscription oblige Annet \u00e0 obtenir 10 points de formation continue par an dans cette mati\u00e8re.<\/p>\n<p>Barreau de New York (1999)<\/p>\n<p>Barreau de Paris (98\/5\/CE, 2007)<\/p>\n<p>&nbsp;<\/p>\n<h3>Prix et Autres Distinctions<\/h3>\n<p style=\"font-weight: 400;\"><strong>Chambers &amp; Partner 2025 \u2013 Band 2 \u2013 Arbitre France<\/strong>:<\/p>\n<p style=\"font-weight: 400;\"><span style=\"font-size: 18px;\">\u201c<\/span><em><span lang=\"FR\">Je recommanderais sans h\u00e9siter Annet van Hooft car elle s\u2019investit \u00e9norm\u00e9ment dans le travail qu\u2019elle effectue pour nous. Elle ma\u00eetrise nos dossiers tant sur le plan juridique que technique<\/span><\/em><span lang=\"EN-GB\">.<\/span><span style=\"font-size: 18px;\"><\/span><span style=\"font-size: 18px;\">\u201d<\/span><\/p>\n<div><\/div>\n<p style=\"font-weight: 400;\"><span style=\"font-size: 18px;\">\u201c<\/span><em><span lang=\"EN-GB\">Annet van Hooft est en mesure d&rsquo;\u00e9laborer des strat\u00e9gies qui garantissent que chaque point est abord\u00e9<\/span><\/em><em style=\"font-size: 18px;\">.<\/em><span style=\"font-size: 18px;\">\u201d<\/span><\/p>\n<div><\/div>\n<p style=\"font-weight: 400;\"><span style=\"font-size: 18px;\">\u201c<em>Annet van Hooft est une arbitre bien pr\u00e9par\u00e9e et exp\u00e9riment\u00e9e avec laquelle il est agr\u00e9able de travailler.<\/em><\/span><span style=\"font-size: 18px;\">\u201d<\/span><\/p>\n<p style=\"font-weight: 400;\"><span style=\"font-size: 18px;\"><\/span><\/p>\n<div><\/div>\n<p style=\"font-weight: 400;\"><strong>Chambers &amp; Partner 2024 \u2013 Band 2 \u2013 Arbitre France<\/strong>:<\/p>\n<p style=\"font-weight: 400;\"><span style=\"font-size: 18px;\">\u201c<\/span><em><span lang=\"FR\">Elle s\u2019est montr\u00e9e ferme mais impartiale et a su maintenir la proc\u00e9dure sur la bonne voie<\/span><\/em><em style=\"font-size: 18px;\">.<\/em><span style=\"font-size: 18px;\">\u201d<\/span><\/p>\n<div><\/div>\n<p style=\"font-weight: 400;\"><span style=\"font-size: 18px;\">\u201c<\/span><em><span lang=\"FR\">Elle \u00e9tait bien pr\u00e9par\u00e9e et ma\u00eetrisait les nombreux probl\u00e8mes et incidents<\/span><\/em><span style=\"font-size: 18px;\"><\/span><em style=\"font-size: 18px;\">.<\/em><span style=\"font-size: 18px;\">\u201d<\/span><\/p>\n<div><\/div>\n<p style=\"font-weight: 400;\"><span style=\"font-size: 18px;\">\u201c<\/span><em><span lang=\"FR\">Annet van Hooft a \u00e9t\u00e9 tr\u00e8s efficace, r\u00e9active et capable de s\u2019attaquer \u00e0 des questions complexes<\/span><\/em><em style=\"font-size: 18px;\">.<\/em><span style=\"font-size: 18px;\">\u201d<\/span><\/p>\n<div><\/div>\n<p style=\"font-weight: 400;\"><strong><\/strong><\/p>\n<p style=\"font-weight: 400;\"><strong>Who\u2019s Who Legal \u2013 Thought Leaders 2024<\/strong>:<\/p>\n<p style=\"font-weight: 400;\"><span style=\"font-size: 18px;\">\u201c<\/span><em><span lang=\"FR\">Elle r\u00e9alise un travail de tr\u00e8s haut niveau<\/span><\/em><span style=\"font-size: 18px;\"><\/span><em style=\"font-size: 18px;\">.<\/em><span style=\"font-size: 18px;\">\u201d<\/span><\/p>\n<div><\/div>\n<p style=\"font-weight: 400;\"><span style=\"font-size: 18px;\">\u201c<\/span><span lang=\"FR\"><em>Annet est une arbitre tr\u00e8s exp\u00e9riment\u00e9e en mati\u00e8re d\u2019arbitrage commercial international<\/em><\/span><span style=\"font-size: 18px;\"><\/span><span style=\"font-size: 18px;\">.\u201d<\/span><\/p>\n<div><\/div>\n<div><\/div>\n<p style=\"font-weight: 400;\"><span style=\"font-size: 18px;\">\u201c<\/span><em><span lang=\"FR\">Une arbitre tr\u00e8s impressionnante<\/span><\/em><span style=\"font-size: 18px;\"><\/span><span style=\"font-size: 18px;\">.\u201d<\/span><\/p>\n<p style=\"font-weight: 400;\"><span style=\"font-size: 18px;\"><\/span><\/p>\n<div><\/div>\n<p style=\"font-weight: 400;\"><strong>Chambers &amp; Partner 2023 \u2013 Band 2 \u2013 <\/strong><strong>Arbitre <\/strong><strong>France<\/strong>:<\/p>\n<p style=\"font-weight: 400;\"><span style=\"font-size: 18px;\">\u201c<\/span><em>Elle est diligente dans son approche et peut travailler en fran\u00e7ais, n\u00e9erlandais et anglais, ce qui est un tr\u00e8s bon atout<\/em>.<span style=\"font-size: 18px;\">\u201d<\/span><\/p>\n<p style=\"font-weight: 400;\"><span style=\"font-size: 18px;\">\u201c<\/span><em>Annet van Hooft est tr\u00e8s comp\u00e9tente, minutieuse et bien organis\u00e9e<\/em>.<span style=\"font-size: 18px;\">\u201d<\/span><\/p>\n<p style=\"font-weight: 400;\"><strong>Who\u2019s Who Legal \u2013 Thought Leaders 2023<\/strong>:<\/p>\n<p style=\"font-weight: 400;\"><span style=\"font-size: 18px;\">\u201c<\/span><em>Elle est tout simplement excellente<\/em>.<span style=\"font-size: 18px;\">\u201d<\/span><\/p>\n<p style=\"font-weight: 400;\"><span style=\"font-size: 18px;\">\u201c<\/span><em>Annet est une arbitre bien pr\u00e9par\u00e9e, m\u00e9ticuleuse et courageuse<\/em>.<span style=\"font-size: 18px;\">\u201d<\/span><\/p>\n<p style=\"font-weight: 400;\"><span style=\"font-size: 18px;\">\u201c<\/span><em>Elle est patiente mais dans ses limites, ce qui lui donne beaucoup d&rsquo;autorit\u00e9 en tant qu&rsquo;arbitre<\/em>.<span style=\"font-size: 18px;\">\u201d<\/span><\/p>\n<p style=\"font-weight: 400;\"><strong>Chambers &amp; Partners 2022 \u2013 Band 3 \u2013 Arbitre France<\/strong>:<\/p>\n<p style=\"font-weight: 400;\"><span style=\"font-size: 18px;\">\u201c<\/span><em>Annet un arbitre tr\u00e8s exp\u00e9riment\u00e9 et c&rsquo;est un plaisir de travailler avec elle<\/em>.<span style=\"font-size: 18px;\">\u201d<\/span><\/p>\n<p style=\"font-weight: 400;\"><span style=\"font-size: 18px;\">\u201c<\/span><em>Elle conna\u00eet tr\u00e8s bien tous les aspects et techniques de la proc\u00e9dure d&rsquo;arbitrage<\/em>.<span style=\"font-size: 18px;\">\u201d<\/span><\/p>\n<p style=\"font-weight: 400;\"><strong>Who\u2019s Who Legal \u2013 Thought Leaders 2022<\/strong>:<\/p>\n<p style=\"font-weight: 400;\"><span style=\"font-size: 18px;\">\u201c<\/span><em>Annet est un arbitre tr\u00e8s comp\u00e9tent et incroyablement capable<\/em>.<span style=\"font-size: 18px;\">\u201d<\/span><\/p>\n<p style=\"font-weight: 400;\"><span style=\"font-size: 18px;\">\u201c<\/span><em>Elle poss\u00e8de une solide exp\u00e9rience institutionnelle acquise aupr\u00e8s de la CCI<\/em>.<span style=\"font-size: 18px;\">\u201d<\/span><\/p>\n<p style=\"font-weight: 400;\"><span style=\"font-size: 18px;\">\u201c<\/span><em>Elle est un co-arbitre exceptionnel<\/em>.<span style=\"font-size: 18px;\">\u201d<\/span><\/p>\n<p style=\"font-weight: 400;\"><strong>Who\u2019s Who Legal \u2013 Thought Leaders 2021<\/strong>:<\/p>\n<p style=\"font-weight: 400;\"><span style=\"font-size: 18px;\">\u201c<\/span><em>Annet est devenue l&rsquo;un des meilleurs arbitres du march\u00e9 parisien et international<\/em>.<span style=\"font-size: 18px;\">\u201d<\/span><\/p>\n<p style=\"font-weight: 400;\"><span style=\"font-size: 18px;\">\u201c<\/span><em>Une excellente arbitre, avec une exp\u00e9rience impressionnante des litiges en mati\u00e8re de propri\u00e9t\u00e9 intellectuelle<\/em>.<span style=\"font-size: 18px;\">\u201d<\/span><\/p>\n<p style=\"font-weight: 400;\"><span style=\"font-size: 18px;\">\u201c<\/span><em>Ayant \u00e9crit l&rsquo;un des textes de r\u00e9f\u00e9rence dans le domaine, elle est connue comme un futur arbitre star<\/em>.<span style=\"font-size: 18px;\">\u201d<\/span><\/p>\n<p style=\"font-weight: 400;\"><span style=\"font-size: 18px;\">\u201c<\/span><em>En plus d&rsquo;\u00eatre une excellente avocate, c&rsquo;est \u00e9galement un plaisir de travailler avec elle<\/em>.<span style=\"font-size: 18px;\">\u201d<\/span><\/p>\n<p style=\"font-weight: 400;\"><span style=\"font-size: 18px;\">\u201c<\/span><em>Elle est calme, syst\u00e9matique et <\/em><em>bienveillante<\/em>.<span style=\"font-size: 18px;\">\u201d<\/span><\/p>\n<p style=\"font-weight: 400;\"><strong>Who\u2019s Who Legal \u2013 Thought Leaders 2020<\/strong>:<\/p>\n<p style=\"font-weight: 400;\"><span style=\"font-size: 18px;\">\u201c<\/span><em>Annet van Hooft est un nom distingu\u00e9 sur le march\u00e9 europ\u00e9en de l&rsquo;arbitrage, avec une grande exp\u00e9rience des litiges en mati\u00e8re de propri\u00e9t\u00e9 intellectuelle dans les secteurs des sciences de la vie et de la technologie<\/em>.<span style=\"font-size: 18px;\">\u201d<\/span><\/p>\n<p style=\"font-weight: 400;\"><strong>Who\u2019s Who Legal \u2013 2019<\/strong>:<\/p>\n<p style=\"font-weight: 400;\"><span style=\"font-size: 18px;\">\u201c<\/span><em>Annet van Hooft est une <\/em><em>avocate <\/em><em>brillante qui comprend extr\u00eamement vite ce qui compte dans une affaire selon ses pairs, qui louent sa gestion impressionnante des litiges en mati\u00e8re de construction et de propri\u00e9t\u00e9 intellectuelle<\/em>.<span style=\"font-size: 18px;\">\u201d<\/span><\/p>\n<p style=\"font-weight: 400;\">\n<p style=\"font-weight: 400;\">Laur\u00e9ate du prix <span style=\"font-size: 18px;\">\u201c<\/span><strong>Best in Commercial Arbitration<\/strong><span style=\"font-size: 18px;\">\u201d<\/span>\u00a0de la septi\u00e8me \u00e9dition annuelle (2017) des Euromoney Legal Media Group Europe Women in Business Law Awards.<\/p>\n<p style=\"font-weight: 400;\">\n<p style=\"font-weight: 400;\"><strong>Legal 500 Paris<\/strong> a soulign\u00e9 la <span style=\"font-size: 18px;\">\u201c<\/span><em>grande exp\u00e9rience d&rsquo;Annet en mati\u00e8re de CCI<\/em>.<span style=\"font-size: 18px;\">\u201d<\/span><\/p>\n<p style=\"font-weight: 400;\">\n<p style=\"font-weight: 400;\">Figure parmi les classements <strong>Best Lawyers<\/strong> pour l&rsquo;arbitrage et la m\u00e9diation en France.<\/p>\n<p style=\"font-weight: 400;\">\n<p><span style=\"font-weight: 400;\">Figure parmi les <\/span><span style=\"font-weight: 400;\">classement<\/span><span style=\"font-weight: 400;\">s<\/span> <strong>D\u00e9cideurs<\/strong><span style=\"font-weight: 400;\"> et <strong>Leaders League<\/strong> pour les arbitres en France.<\/span><\/p>\n<p><em><\/em><\/p>\n<p>&nbsp;<\/p>\n<h3>Activit\u00e9s Professionnelles<\/h3>\n<p><strong><em>Co-pr\u00e9sident<\/em><\/strong> de la Commission d\u2019arbitrage international du Barreau de Paris<\/p>\n<p><strong><em>Co-auteur<\/em><\/strong> avec J. Grierson de ARBITRATING UNDER THE 2012 ICC RULES: AN INTRODUCTORY USER\u2019S GUIDE, Kluwer Law International, mai 2012<\/p>\n<p><strong><em>Ancien Cor\u00e9dacteur en chef de b-Arbitra<\/em><\/strong> (publi\u00e9 par Kluwer et disponible dans la base de donn\u00e9es d\u2019arbitrage Kluwer)<\/p>\n<p><strong><em>Ancien vice-pr\u00e9sident<\/em><\/strong> de la Commission d\u2019arbitrage et d\u2019ADR de la CCI<\/p>\n<p>[\/et_pb_text][\/et_pb_column][\/et_pb_row][\/et_pb_section]<\/p>\n","protected":false},"excerpt":{"rendered":"<p>CURRICULUM VITAE van Hooft Arbitre et conseil ind\u00e9pendantDe f\u00e9vrier 2018 \u00e0 aujourd&rsquo;hui Annet si\u00e8ge en tant qu&rsquo;arbitre (arbitre unique, co-arbitre, pr\u00e9sident) dans des arbitrages internationaux en vertu de r\u00e8gles institutionnelles (AFA, CCI, CEPANI, CMAP, DIA, HCC, NAI, OMPI, SCC, SIAC, VIAC) et ad hoc (CNUDCI), en vertu de diverses lois applicables, et concernant divers secteurs [&hellip;]<\/p>\n","protected":false},"author":1,"featured_media":0,"parent":0,"menu_order":0,"comment_status":"closed","ping_status":"closed","template":"","meta":{"_et_pb_use_builder":"on","_et_pb_old_content":"","_et_gb_content_width":"","_exactmetrics_skip_tracking":false,"_exactmetrics_sitenote_active":false,"_exactmetrics_sitenote_note":"","_exactmetrics_sitenote_category":0,"footnotes":""},"class_list":["post-438","page","type-page","status-publish","hentry"],"_links":{"self":[{"href":"https:\/\/vanhooft-legal.com\/fr\/wp-json\/wp\/v2\/pages\/438","targetHints":{"allow":["GET"]}}],"collection":[{"href":"https:\/\/vanhooft-legal.com\/fr\/wp-json\/wp\/v2\/pages"}],"about":[{"href":"https:\/\/vanhooft-legal.com\/fr\/wp-json\/wp\/v2\/types\/page"}],"author":[{"embeddable":true,"href":"https:\/\/vanhooft-legal.com\/fr\/wp-json\/wp\/v2\/users\/1"}],"replies":[{"embeddable":true,"href":"https:\/\/vanhooft-legal.com\/fr\/wp-json\/wp\/v2\/comments?post=438"}],"version-history":[{"count":33,"href":"https:\/\/vanhooft-legal.com\/fr\/wp-json\/wp\/v2\/pages\/438\/revisions"}],"predecessor-version":[{"id":909,"href":"https:\/\/vanhooft-legal.com\/fr\/wp-json\/wp\/v2\/pages\/438\/revisions\/909"}],"wp:attachment":[{"href":"https:\/\/vanhooft-legal.com\/fr\/wp-json\/wp\/v2\/media?parent=438"}],"curies":[{"name":"wp","href":"https:\/\/api.w.org\/{rel}","templated":true}]}}