{"id":444,"date":"2021-02-22T16:31:52","date_gmt":"2021-02-22T16:31:52","guid":{"rendered":"https:\/\/vanhooft-legal.com\/experience\/"},"modified":"2021-02-23T11:47:44","modified_gmt":"2021-02-23T11:47:44","slug":"experience","status":"publish","type":"page","link":"https:\/\/vanhooft-legal.com\/fr\/experience\/","title":{"rendered":"Exp\u00e9rience"},"content":{"rendered":"<p>[et_pb_section fb_built=\u00a0\u00bb1&Prime; _builder_version=\u00a0\u00bb3.22&Prime; custom_padding=\u00a0\u00bb0px|0px|0px|0px\u00a0\u00bb][et_pb_row _builder_version=\u00a0\u00bb3.25&Prime; background_size=\u00a0\u00bbinitial\u00a0\u00bb background_position=\u00a0\u00bbtop_left\u00a0\u00bb background_repeat=\u00a0\u00bbrepeat\u00a0\u00bb custom_padding=\u00a0\u00bb0px|0px|0px|0px\u00a0\u00bb][et_pb_column type=\u00a0\u00bb4_4&Prime; _builder_version=\u00a0\u00bb3.25&Prime; custom_padding=\u00a0\u00bb|||\u00a0\u00bb custom_padding__hover=\u00a0\u00bb|||\u00a0\u00bb][et_pb_image src=\u00a0\u00bbhttps:\/\/vanhooft-legal.com\/wp-content\/uploads\/2018\/02\/Van-Hooft-Legal-foto-2.jpg\u00a0\u00bb title_text=\u00a0\u00bbVan Hooft Legal &#8211; foto 2&Prime; align_tablet=\u00a0\u00bbcenter\u00a0\u00bb align_phone=\u00a0\u00bb\u00a0\u00bb align_last_edited=\u00a0\u00bbon|desktop\u00a0\u00bb _builder_version=\u00a0\u00bb4.9.0&Prime;][\/et_pb_image][\/et_pb_column][\/et_pb_row][\/et_pb_section][et_pb_section fb_built=\u00a0\u00bb1&Prime; _builder_version=\u00a0\u00bb3.22&Prime; custom_padding=\u00a0\u00bb0px|188px|25px|22px\u00a0\u00bb][\/et_pb_section][et_pb_section fb_built=\u00a0\u00bb1&Prime; _builder_version=\u00a0\u00bb3.22&Prime; custom_padding=\u00a0\u00bb0px|0px|59.9479px|0px\u00a0\u00bb][et_pb_row _builder_version=\u00a0\u00bb3.25&Prime; custom_padding=\u00a0\u00bb0px|0px|41px|0px\u00a0\u00bb][et_pb_column type=\u00a0\u00bb4_4&Prime; _builder_version=\u00a0\u00bb3.25&Prime; custom_padding=\u00a0\u00bb|||\u00a0\u00bb custom_padding__hover=\u00a0\u00bb|||\u00a0\u00bb][et_pb_text _builder_version=\u00a0\u00bb3.27.4&Prime; background_color=\u00a0\u00bbrgba(48,148,255,0.16)\u00a0\u00bb border_width_all=\u00a0\u00bb25px\u00a0\u00bb border_color_all=\u00a0\u00bbrgba(48,148,255,0)\u00a0\u00bb]<\/p>\n<h2>S\u00e9lection de dossiers en tant qu\u2019arbitre<\/h2>\n<ul>\n<ul>\n<li>Arbitre unique dans un arbitrage CCI \u00e0 Paris, France, entre un fabricant fran\u00e7ais de v\u00eatements et un distributeur syrien de v\u00eatements de marque en relation avec un accord de distribution. Le droit fran\u00e7ais \u00e9tait applicable\u00a0;<\/li>\n<li>Arbitre unique dans un arbitrage CCI \u00e0 Paris, France, entre un fournisseur de services allemand et un entrepreneur de Singapour en relation avec l\u2019installation de la t\u00e9l\u00e9vision num\u00e9rique terrestre dans un pays africain. Le droit n\u00e9erlandais \u00e9tait applicable\u00a0;<\/li>\n<li>Pr\u00e9sidente d\u2019un tribunal arbitral CEPANI \u00e0 Bruxelles, Belgique, entre une soci\u00e9t\u00e9 allemande et ses soci\u00e9t\u00e9s affili\u00e9es et une soci\u00e9t\u00e9 belge en relation avec un contrat d\u2019achat d\u2019actions. Le droit belge \u00e9tait applicable\u00a0;<\/li>\n<li>Arbitre unique dans un arbitrage DIS (Institution allemande d\u2019arbitrage) \u00e0 Dusseld\u00f6rf, Allemagne, entre une soci\u00e9t\u00e9 anglaise et une soci\u00e9t\u00e9 allemande dans le cadre d\u2019un litige post-acquisition. Le droit allemand \u00e9tait applicable\u00a0;<\/li>\n<li>Co-arbitre dans un arbitrage CCI \u00e0 Paris, France, entre une soci\u00e9t\u00e9 de construction britannique et une soci\u00e9t\u00e9 de construction russe en relation avec un projet d&rsquo;extraction pr\u00e8s du cercle arctique. Le droit fran\u00e7ais \u00e9tait applicable\u00a0;<\/li>\n<li>Pr\u00e9sidente d\u2019un tribunal arbitral CCI \u00e0 Paris, France, entre un sous-traitant serbe et un entrepreneur allemand dans le cadre de la r\u00e9novation du syst\u00e8me d\u2019\u00e9gouts d\u2019une ville serbe. Le droit allemand \u00e9tait applicable\u00a0; et<\/li>\n<li>Pr\u00e9sidente d\u2019un tribunal arbitral CMAP (Centre de M\u00e9diation et d&rsquo;Arbitrage de Paris) \u00e0 Paris, France, entre une soci\u00e9t\u00e9 suisse et un ressortissant mon\u00e9gasque dans le cadre d&rsquo;un contrat d&rsquo;achat d&rsquo;actions. Le droit fran\u00e7ais \u00e9tait applicable.<\/li>\n<\/ul>\n<\/ul>\n<h2>S\u00e9lection de dossier en tant que conseil<\/h2>\n<ul>\n<ul>\n<li>\n<p>Conseil d\u2019une soci\u00e9t\u00e9 d\u2019\u00c9tat russe en tant que d\u00e9fendeur dans un arbitrage SCC \u00e0 Stockholm, Su\u00e8de, contre un importateur am\u00e9ricain dans le cadre d\u2019un contrat de fourniture d\u2019uranium \u00e0 long terme. Le droit su\u00e9dois \u00e9tait applicable\u00a0;<\/p>\n<\/li>\n<li>\n<p><span style=\"font-size: 18px;\">Conseil d\u2019un sous-traitant allemand en tant que demandeur dans un arbitrage CCI \u00e0 Rome, Italie, contre un entrepreneur italien concernant un projet d\u2019\u00e9nergie hydro\u00e9lectrique en \u00c9thiopie. Le droit \u00e9thiopien \u00e9tait applicable\u00a0;<\/span><\/p>\n<\/li>\n<li>\n<p><span style=\"font-size: 18px;\"><\/span><span style=\"font-size: 18px;\">Conseil d\u2019une entreprise de construction espagnole en tant que demandeur dans un arbitrage CCI \u00e0 Paris, France, contre une entit\u00e9 \u00e9tatique roumaine concernant un projet de construction routi\u00e8re. Le droit roumain \u00e9tait applicable\u00a0;<\/span><\/p>\n<\/li>\n<li>\n<p><span style=\"font-size: 18px;\"><\/span><span style=\"font-size: 18px;\">Conseil d\u2019une soci\u00e9t\u00e9 pharmaceutique am\u00e9ricaine en tant que demandeur dans un arbitrage OMPI \u00e0 Zurich, Suisse, contre une soci\u00e9t\u00e9 pharmaceutique allemande concernant le paiement de redevances dans le cadre d\u2019un contrat de licence. Le droit suisse \u00e9tait applicable\u00a0;<\/span><\/p>\n<\/li>\n<li>\n<p><span style=\"font-size: 18px;\"><\/span><span style=\"font-size: 18px;\">Conseil d\u2019une universit\u00e9 belge en tant que demandeur dans une proc\u00e9dure d\u2019urgence CEPANI \u00e0 Bruxelles, Belgique, contre un laboratoire europ\u00e9en concernant un contrat de R&amp;D. Le droit belge \u00e9tait applicable\u00a0;<\/span><\/p>\n<\/li>\n<li>\n<p><span style=\"font-size: 18px;\"><\/span><span style=\"font-size: 18px;\">Conseil d&rsquo;actionnaires en qualit\u00e9 de demandeurs dans un arbitrage CCI \u00e0 Gen\u00e8ve, Suisse, contre un actionnaire allemand en relation avec le pacte d\u2019actionnaires d\u2019une soci\u00e9t\u00e9 europ\u00e9enne de d\u00e9fense. Le droit allemand \u00e9tait applicable\u00a0;<\/span><\/p>\n<\/li>\n<li>\n<p><span style=\"font-size: 18px;\"><\/span><span style=\"font-size: 18px;\">Conseil d\u2019une soci\u00e9t\u00e9 fran\u00e7aise de technologie verte en qualit\u00e9 de demandeur dans un arbitrage CCI \u00e0 Paris, France, contre deux ressortissants fran\u00e7ais en relation avec la reprise \u00e9chou\u00e9e d\u2019une soci\u00e9t\u00e9 vietnamienne. Le droit fran\u00e7ais \u00e9tait applicable.<\/span><\/p>\n<\/li>\n<\/ul>\n<\/ul>\n<p>[\/et_pb_text][\/et_pb_column][\/et_pb_row][\/et_pb_section]<\/p>\n","protected":false},"excerpt":{"rendered":"<p>S\u00e9lection de dossiers en tant qu\u2019arbitre Arbitre unique dans un arbitrage CCI \u00e0 Paris, France, entre un fabricant fran\u00e7ais de v\u00eatements et un distributeur syrien de v\u00eatements de marque en relation avec un accord de distribution. Le droit fran\u00e7ais \u00e9tait applicable\u00a0; Arbitre unique dans un arbitrage CCI \u00e0 Paris, France, entre un fournisseur de services [&hellip;]<\/p>\n","protected":false},"author":1,"featured_media":0,"parent":0,"menu_order":0,"comment_status":"closed","ping_status":"closed","template":"","meta":{"_et_pb_use_builder":"on","_et_pb_old_content":"","_et_gb_content_width":"","_exactmetrics_skip_tracking":false,"_exactmetrics_sitenote_active":false,"_exactmetrics_sitenote_note":"","_exactmetrics_sitenote_category":0,"footnotes":""},"class_list":["post-444","page","type-page","status-publish","hentry"],"_links":{"self":[{"href":"https:\/\/vanhooft-legal.com\/fr\/wp-json\/wp\/v2\/pages\/444","targetHints":{"allow":["GET"]}}],"collection":[{"href":"https:\/\/vanhooft-legal.com\/fr\/wp-json\/wp\/v2\/pages"}],"about":[{"href":"https:\/\/vanhooft-legal.com\/fr\/wp-json\/wp\/v2\/types\/page"}],"author":[{"embeddable":true,"href":"https:\/\/vanhooft-legal.com\/fr\/wp-json\/wp\/v2\/users\/1"}],"replies":[{"embeddable":true,"href":"https:\/\/vanhooft-legal.com\/fr\/wp-json\/wp\/v2\/comments?post=444"}],"version-history":[{"count":4,"href":"https:\/\/vanhooft-legal.com\/fr\/wp-json\/wp\/v2\/pages\/444\/revisions"}],"predecessor-version":[{"id":489,"href":"https:\/\/vanhooft-legal.com\/fr\/wp-json\/wp\/v2\/pages\/444\/revisions\/489"}],"wp:attachment":[{"href":"https:\/\/vanhooft-legal.com\/fr\/wp-json\/wp\/v2\/media?parent=444"}],"curies":[{"name":"wp","href":"https:\/\/api.w.org\/{rel}","templated":true}]}}