{"id":447,"date":"2021-02-22T16:32:26","date_gmt":"2021-02-22T16:32:26","guid":{"rendered":"https:\/\/vanhooft-legal.com\/publications-et-prises-de-parole\/"},"modified":"2026-04-02T14:10:49","modified_gmt":"2026-04-02T14:10:49","slug":"publications-et-prises-de-parole","status":"publish","type":"page","link":"https:\/\/vanhooft-legal.com\/fr\/publications-et-prises-de-parole\/","title":{"rendered":"Publications et conf\u00e9rences"},"content":{"rendered":"<p>[et_pb_section fb_built=\u00a0\u00bb1&Prime; _builder_version=\u00a0\u00bb4.16&Prime; custom_padding=\u00a0\u00bb0px|0px|0px|0px\u00a0\u00bb global_colors_info=\u00a0\u00bb{}\u00a0\u00bb][et_pb_row _builder_version=\u00a0\u00bb4.16&Prime; background_size=\u00a0\u00bbinitial\u00a0\u00bb background_position=\u00a0\u00bbtop_left\u00a0\u00bb background_repeat=\u00a0\u00bbrepeat\u00a0\u00bb custom_padding=\u00a0\u00bb0px|0px|0px|0px\u00a0\u00bb global_colors_info=\u00a0\u00bb{}\u00a0\u00bb][et_pb_column type=\u00a0\u00bb4_4&Prime; _builder_version=\u00a0\u00bb4.16&Prime; custom_padding=\u00a0\u00bb|||\u00a0\u00bb global_colors_info=\u00a0\u00bb{}\u00a0\u00bb custom_padding__hover=\u00a0\u00bb|||\u00a0\u00bb][et_pb_image src=\u00a0\u00bbhttps:\/\/vanhooft-legal.com\/wp-content\/uploads\/2018\/02\/Van-Hooft-Legal-foto-3.jpg\u00a0\u00bb align_tablet=\u00a0\u00bbcenter\u00a0\u00bb align_phone=\u00a0\u00bb\u00a0\u00bb align_last_edited=\u00a0\u00bbon|desktop\u00a0\u00bb _builder_version=\u00a0\u00bb4.16&Prime; global_colors_info=\u00a0\u00bb{}\u00a0\u00bb][\/et_pb_image][\/et_pb_column][\/et_pb_row][\/et_pb_section][et_pb_section fb_built=\u00a0\u00bb1&Prime; _builder_version=\u00a0\u00bb4.16&Prime; custom_padding=\u00a0\u00bb25px|0px|83px|0px\u00a0\u00bb global_colors_info=\u00a0\u00bb{}\u00a0\u00bb][et_pb_row column_structure=\u00a0\u00bb1_2,1_2&Prime; _builder_version=\u00a0\u00bb4.16&Prime; background_size=\u00a0\u00bbinitial\u00a0\u00bb background_position=\u00a0\u00bbtop_left\u00a0\u00bb background_repeat=\u00a0\u00bbrepeat\u00a0\u00bb custom_padding=\u00a0\u00bb0px||39px|\u00a0\u00bb global_colors_info=\u00a0\u00bb{}\u00a0\u00bb][et_pb_column type=\u00a0\u00bb1_2&Prime; _builder_version=\u00a0\u00bb4.16&Prime; custom_padding=\u00a0\u00bb|||\u00a0\u00bb global_colors_info=\u00a0\u00bb{}\u00a0\u00bb custom_padding__hover=\u00a0\u00bb|||\u00a0\u00bb][et_pb_text admin_label=\u00a0\u00bbText\u00a0\u00bb _builder_version=\u00a0\u00bb4.16&Prime; text_font=\u00a0\u00bbAbel||||||||\u00a0\u00bb background_color=\u00a0\u00bbrgba(48,148,255,0.16)\u00a0\u00bb border_width_all=\u00a0\u00bb25px\u00a0\u00bb border_color_all=\u00a0\u00bbrgba(48,148,255,0)\u00a0\u00bb global_colors_info=\u00a0\u00bb{}\u00a0\u00bb]<\/p>\n<h2>PUBLICATIONS<\/h2>\n<p><span lang=\"EN-GB\">A. van Hooft, \u2018<i>Netherlands<\/i>\u2019, in ENFORCEMENT OF INVESTMENT TREATY ARBITRATION AWARDS, 2nd edition, ed. Julien Fouret, Globe Law and Business, d\u00e9cembre 2020.<o:p><\/o:p><\/span><\/p>\n<p><span lang=\"EN-GB\">A. van Hooft, \u2018<i>The Netherlands: Reinstatement of the Yukos Awards<\/i>\u2019, 3 ICC Bull., novembre 2020.<o:p><\/o:p><\/span><\/p>\n<p><span lang=\"EN-GB\">A. van Hooft, \u2018<\/span><em><span lang=\"EN-GB\">Arbitration and Intellectual Property<\/span><\/em><span lang=\"EN-GB\">\u2019, Liber Amicorum, 50 years of solutions Cepani 1969 \u2013 2019, ed. Dirk De Meulemeester, Maxime Berlingin, Beno\u00eet Kohl, Wolters Kluwer, novembre 2019.<o:p><\/o:p><\/span><\/p>\n<p><span lang=\"EN-GB\">A. van Hooft, J. Kroes, \u2018<\/span><em><span lang=\"EN-GB\">Case study: the legislator\u2019s perspective<\/span><\/em><span lang=\"EN-GB\">\u2019, Arbitration in the Digital Age, ed. Maud Piers, Christian Aschauer, Cambridge University Press, f\u00e9vrier 2018.<o:p><\/o:p><\/span><\/p>\n<p><span lang=\"EN-GB\">A. van Hooft, A.K. Becker, \u2018<\/span><em><span lang=\"EN-GB\">Konfliktmanagement im internationalen Rechtsverkehr<\/span><\/em><span lang=\"EN-GB\">\u2019 PROZESSE VERMEIDEN, PROZESSE VORBEREITEN, PROZESSE F\u00dcHREN ed: Simon Gabriel, Z\u00fcrich, und Johannes Landbrecht, Genf, St\u00e4mpfli, novembre 2017.<o:p><\/o:p><\/span><\/p>\n<p><span lang=\"FR\">A. van Hooft, C. Devue, \u2018<\/span><em><span lang=\"FR\">La proc\u00e9dure se simplifie pour les petits litiges<\/span><\/em><span lang=\"FR\">\u2019, USINE NOUVELLE, 25\/31, mai 2017.<o:p><\/o:p><\/span><\/p>\n<p><span lang=\"FR\">A. van Hooft, E. Brisson, \u2018<\/span><em><span lang=\"FR\">Comment s\u00e9curiser la sentence arbitrale<\/span><\/em><span lang=\"FR\">\u2019, USINE NOUVELLE, 01\/07, d\u00e9cembre 2016.<o:p><\/o:p><\/span><\/p>\n<p><span lang=\"EN-GB\">A. van Hooft, \u2018<\/span><em><span lang=\"EN-GB\">Brexit and the Future of Intellectual Property Litigation and Arbitration<\/span><\/em><span lang=\"EN-GB\">\u2019, JOURNAL OF INTERNATIONAL ARBITRATION SPECIAL BREXIT ISSUE, septembre 2016.<o:p><\/o:p><\/span><\/p>\n<p><span lang=\"EN-GB\">M. Castro Granja, A. van Hooft, \u2018<\/span><em><span lang=\"EN-GB\">The Netherlands<\/span><\/em><span lang=\"EN-GB\">\u2019, ENFORCEMENT OF INVESTMENT TREATY ARBITRATION AWARDS, ed. Julien Fouret, Globe Law and Business, janvier 2015.<o:p><\/o:p><\/span><\/p>\n<p><span lang=\"EN-GB\">A. van Hooft, C. Morel de Westgaver, \u2018<\/span><em><span lang=\"EN-GB\">The 2012 ICC Rules: Two Years On\u2019<\/span><\/em><span lang=\"EN-GB\">, TIJDSCHRIFT VOOR ARBITRAGE, 2014\/3.<o:p><\/o:p><\/span><\/p>\n<p><span lang=\"EN-GB\">A. van Hooft, \u2018<\/span><em><span lang=\"EN-GB\">Efficient management of arbitral proceedings<\/span><\/em><span lang=\"EN-GB\">\u2019, CEPANI CONFERENCE BUNDLE: \u201cTHE 2012 ICC RULES\u201d, avril 2014.<o:p><\/o:p><\/span><\/p>\n<p><span lang=\"EN-GB\">A. van Hooft, E. Tjon-en-Fa, \u2018<\/span><em><span lang=\"EN-GB\">Nederland Arbitrageland: Wetsvoorstel tot modernisering van het arbitragerecht<\/span><\/em><span lang=\"EN-GB\">\u2019, GENERAL COUNSEL NETHERLANDS, mai 2013.<o:p><\/o:p><\/span><\/p>\n<p><span lang=\"EN-GB\">J. Grierson, A. van Hooft, &lsquo;<\/span><em><span lang=\"EN-GB\">Arbitrating under the 2012 ICC Rules: an introductory user&rsquo;s guide<\/span><\/em><span lang=\"EN-GB\">&lsquo;,\u00a0Kluwer Law International, mai 2012.<o:p><\/o:p><\/span><\/p>\n<p><span lang=\"EN-GB\">A. van Hooft, \u2018<\/span><em><span lang=\"EN-GB\">Het nieuwe ICC-Arbitragereglement<\/span><\/em><span lang=\"EN-GB\">\u2019, TIJDSCHRIFT VOOR ONDERNEMINGSRECHT, 2011\/103, novembre 7, 2011.<o:p><\/o:p><\/span><\/p>\n<p><span lang=\"EN-GB\">A. van Hooft,<\/span><span class=\"apple-converted-space\"><span lang=\"EN-GB\">\u00a0<\/span><\/span><em><span lang=\"EN-GB\">Kanttekening Cepina Colloquium<\/span><\/em><span class=\"apple-converted-space\"><i><span lang=\"EN-GB\">\u00a0<\/span><\/i><\/span><span lang=\"EN-GB\">\u2018<\/span><em><span lang=\"EN-GB\">Arbitrage en Mededingingsrecht<\/span><\/em><span lang=\"EN-GB\">\u2019<\/span><em><span lang=\"EN-GB\">,\u00a0<\/span><\/em><span lang=\"EN-GB\">RECHTSKUNDIG WEEKBLAD, No. 32, avril 2011.<o:p><\/o:p><\/span><\/p>\n<p><span lang=\"EN-GB\">A. van Hooft, \u2018<\/span><em><span lang=\"EN-GB\">Effective Use of Discovery Obtained Pursuant to 28 U.S.C. \u00a7 1782 in Proceedings Before Dutch Courts\u2019<\/span><\/em><span lang=\"EN-GB\">, JONES DAY NOTES, septembre 2009.<o:p><\/o:p><\/span><\/p>\n<p><span lang=\"EN-GB\">A. van Hooft, \u2018<\/span><em><span lang=\"EN-GB\">The Netherlands\u2019 Supreme Court Confirms Annulment of ICC Arbitral Award for Failure to Comply with Mandatory Signing Requirements<\/span><\/em><span lang=\"EN-GB\">\u2019, MEALEY\u2019S INTERNATIONAL ARBITRATION REPORT, Vol. 24, Janvier 2009.<o:p><\/o:p><\/span><\/p>\n<p><span lang=\"EN-GB\">A. van Hooft, \u2018<\/span><em><span lang=\"EN-GB\">Productie van documenten in arbitrage en assistentie van Nederlandse en Amerikaanse gerechten\u2019<\/span><\/em><span lang=\"EN-GB\">, TIJDSCHRIFT VOOR ARBITRAGE, 2009\/1.<o:p><\/o:p><\/span><\/p>\n<p><span lang=\"EN-GB\">A. van Hooft, \u2018<\/span><em><span lang=\"EN-GB\">The Role of the ICC International Court of Arbitration and its Secretariat<\/span><\/em><span lang=\"EN-GB\">\u2019<\/span><em><span lang=\"EN-GB\">,\u00a0<\/span><\/em><span lang=\"EN-GB\">TIJDSCHRIFT VOOR ARBITRAGE, 2006\/1.<\/span><\/p>\n<p>[\/et_pb_text][et_pb_video src=\u00a0\u00bbhttps:\/\/www.youtube.com\/watch?v=hyFAXhsW5LI\u00a0\u00bb _builder_version=\u00a0\u00bb4.16&Prime; _module_preset=\u00a0\u00bbdefault\u00a0\u00bb global_colors_info=\u00a0\u00bb{}\u00a0\u00bb][\/et_pb_video][et_pb_video src=\u00a0\u00bbhttps:\/\/www.youtube.com\/watch?v=_brZzF8sX-Q\u00a0\u00bb image_src=\u00a0\u00bb\/\/i.ytimg.com\/vi\/_brZzF8sX-Q\/hqdefault.jpg\u00a0\u00bb _builder_version=\u00a0\u00bb4.16&Prime; module_alignment=\u00a0\u00bbcenter\u00a0\u00bb global_colors_info=\u00a0\u00bb{}\u00a0\u00bb][\/et_pb_video][\/et_pb_column][et_pb_column type=\u00a0\u00bb1_2&Prime; _builder_version=\u00a0\u00bb4.16&Prime; custom_padding=\u00a0\u00bb|||\u00a0\u00bb global_colors_info=\u00a0\u00bb{}\u00a0\u00bb custom_padding__hover=\u00a0\u00bb|||\u00a0\u00bb][et_pb_text admin_label=\u00a0\u00bbText\u00a0\u00bb _builder_version=\u00a0\u00bb4.16&Prime; background_color=\u00a0\u00bbrgba(48,148,255,0.16)\u00a0\u00bb border_width_all=\u00a0\u00bb25px\u00a0\u00bb border_color_all=\u00a0\u00bbrgba(48,148,255,0)\u00a0\u00bb global_colors_info=\u00a0\u00bb{}\u00a0\u00bb]<\/p>\n<h2>CONFERENCES<\/h2>\n<h4><span style=\"font-size: 25px;\"><\/span><\/h4>\n<h4><span style=\"font-size: 25px;\">2026<\/span><span style=\"font-size: 25px;\"><\/span><\/h4>\n<p style=\"font-weight: 400;\"><span lang=\"EN-GB\">&lsquo;<em>Does arbitration have a future within the EU?<\/em>&lsquo;, Paris Arbitration Week, Anima Dispute Resolution (26 mars 2026)\u00a0<\/span><\/p>\n<p style=\"font-weight: 400;\"><span lang=\"EN-GB\">&lsquo;<em>Complex arbitration: what does this mean in terms of procedure?<\/em>&lsquo;, <span>ICC Institute of World Business Law Advanced Training on Complex Arbitrations, as part of the 10th ICC European Conference on International Arbitration, <\/span>Paris Arbitration Week (25 mars 2026)\u00a0<\/span><\/p>\n<p style=\"font-weight: 400;\"><span lang=\"EN-GB\">&lsquo;<em>The treatment of digital evidence in technology disputes, including source code, data architecture and AI-related issues<\/em>&lsquo;, Paris Arbitration Week, Bird &amp; Bird (24 mars 2026)\u00a0<\/span><\/p>\n<p style=\"font-weight: 400;\"><span lang=\"EN-GB\">Arbitrage International et Droit Europ\u00e9en, s\u00e9minaire au College d&rsquo;Europe, Bruges (11 et 12 f\u00e9vrier 2026)<\/span><\/p>\n<p style=\"font-weight: 400;\">&lsquo;<em>NAI Secretariat Cursus<\/em>&lsquo;, NAI, Rotterdam (5 fevrier 2026)\u00a0<\/p>\n<h4><span style=\"font-size: 25px;\">2025<\/span><span style=\"font-size: 25px;\"><\/span><\/h4>\n<p style=\"font-weight: 400;\">&lsquo;The Role of Civil Law Traditions in shaping international arbitration&rsquo;<span style=\"font-size: 18px;\">, The Asia Civil Law Summit, KCAB, Seoul (28 octobre 2025)<\/span><\/p>\n<p style=\"font-weight: 400;\">&lsquo;<em>Are you fit to sit? A<span>rbitration confidential: when to reveal and when to conceal<\/span><\/em>&lsquo;, GAR Live, VIAC, Vienna (3 octobre 2025)\u00a0<\/p>\n<p style=\"font-weight: 400;\">&lsquo;<em>NAI Cursus Vonnisschrijven<\/em>&lsquo;, NAI, Rotterdam (26 septembre 2025)<\/p>\n<p style=\"font-weight: 400;\">&lsquo;<em>Inside the Tribunal: the art of decision-making<\/em>&lsquo;, Dutch Arbitration Day, Amsterdam (12 juin 2025)\u00a0<\/p>\n<p style=\"font-weight: 400;\"><em>&lsquo;How do you choose your expert? Are nominations proposed by AI tools fair?<\/em>&lsquo;, Paris Arbitration Week, Equal Representation for Expert Witnesses (10 avril 2025)\u00a0<\/p>\n<p style=\"font-weight: 400;\"><em>&lsquo;<span>EU Sanctions and International Arbitration : latest developments<\/span><\/em>&lsquo;, Paris Arbitration Week, Gide (9 avril 2025)\u00a0<\/p>\n<p style=\"font-weight: 400;\">&lsquo;La responsabilit\u00e9 des arbitres&rsquo;, Paris Arbitration Week, Catherine Schroeder-Paillard (8 avril 2025)\u00a0<\/p>\n<p style=\"font-weight: 400;\">&lsquo;<em>NAI Secretariat Cursus<\/em>&lsquo;, NAI, Rotterdam (21 mars 2025)<\/p>\n<p style=\"font-weight: 400;\"><span lang=\"EN-GB\">Arbitrage International et Droit Europ\u00e9en, s\u00e9minaire au College d&rsquo;Europe, Bruges (3 et 4 f\u00e9vrier 2025)<\/span><\/p>\n<h4>2024<\/h4>\n<p style=\"font-weight: 400;\">&lsquo;<em>Liquidated damages\/Clauses p\u00e9nales &#8211; dealing with a common problem with civil(ity). Which is the better approach?<\/em>&lsquo;, Conf\u00e9rence Annuelle de la Society of Construction Law France, Paris (25 novembre 2024)\u00a0<\/p>\n<p style=\"font-weight: 400;\">&lsquo;<em>NAI Cursus Vonnisschrijven<\/em>&lsquo;, NAI, Rotterdam (15 novembre 2024)<\/p>\n<p style=\"font-weight: 400;\">&lsquo;<em>The lifecycle of a dispute<\/em>&lsquo;, CCI Pays-Bas, Amsterdam (5 novembre 2024)<\/p>\n<p style=\"font-weight: 400;\">&lsquo;<span><em>Can Dispositive Motions Work in Arbitration? Why don\u2019t arbitrators take more decisions rather than asking parties to liaise\/figure it out? How to make arbitrators more hands-on?<\/em>&lsquo;, International Arbitration Symposium, Salzbourg <\/span>(6 juin 2024)<\/p>\n<p style=\"font-weight: 400;\">&lsquo;<em>Hot topics in M&amp;A arbitration<\/em>&lsquo;, Dispute Resolution in M&amp;A Transactions Conference, ICC Polska, Warsaw (23 mai 2024)<\/p>\n<p style=\"font-weight: 400;\">&lsquo;<em>Mining Arbitration: Damages &amp; the Valuation Multiplier, ESG Controls, and other Sparkling Topics&rsquo;,<\/em> Paris Arbitration Week, Hogan Lovells (20 mars 2024)<\/p>\n<p style=\"font-weight: 400;\">\u2018<em>NAI Arbitercursus: Beslissingen en Dynamiek Scheidsgerecht<\/em>&lsquo;, NAI, Amsterdam (14 mars 2024)<\/p>\n<h4><span style=\"font-size: 25px;\"><\/span><\/h4>\n<h4><span style=\"font-size: 25px;\">2023<\/span><span style=\"font-size: 25px;\"><\/span><\/h4>\n<p style=\"font-weight: 400;\"><span>\u2018<em>A Tale of Two Teenagers 2013-2023: Ten Years of UNCITRAL Model Law in Belgium \/ Ten Years of b-Arbitra<\/em>&lsquo;, CEPANI, Bruxelles (17 novembre 2023)<\/span><\/p>\n<p>Arbitre pour la finale du Cross Examination Moot, Paris (8 novembre 2023)<\/p>\n<p>\u2018<em>Peering Into the Past, Gazing Into the Future<\/em>\u2019, Le Caf\u00e9 Des Arbitres 10\u00e8me Anniversaire, Paris (7 novembre 2023)<\/p>\n<p style=\"font-weight: 400;\"><span>\u2018<em>Beslissingen en dynamiek scheidsgerecht<\/em>\u2019, NAI basis cursus, Amsterdam (23 juin 2023)<\/span><\/p>\n<p style=\"font-weight: 400;\"><span>&lsquo;<em>Academics and Practitioners &#8211; Still two separate worlds?<\/em>&lsquo;<\/span> Paris Arbitration Week, Latham &amp; Watkins (27 mars 2023)<\/p>\n<p style=\"font-weight: 400;\">&lsquo;<em>NAI Cursus Vonnisschrijven<\/em>&lsquo;, NAI, Amsterdam (22 mars 2023)<\/p>\n<div><span lang=\"EN-US\">&lsquo;<em>Peculiarities of Arbitration Cases Involving State Entities<\/em>&lsquo;, conf\u00e9rence ICC Vis pre-Moot, Paris (6 mars 2023)<\/span><\/div>\n<div><span lang=\"EN-US\"><\/span><\/div>\n<div><\/div>\n<p style=\"font-weight: 400;\">\n<p style=\"font-weight: 400;\"><span lang=\"EN-GB\">Arbitrage International et Droit Europ\u00e9en, s\u00e9minaire au College d&rsquo;Europe, Bruges (2 f\u00e9vrier 2023)<\/span><\/p>\n<div><span lang=\"EN-GB\"><\/span><\/div>\n<div><span lang=\"EN-GB\"><\/span><\/div>\n<div><span lang=\"EN-GB\"><\/span><\/div>\n<div><span lang=\"EN-GB\"><\/span><\/div>\n<h4>2022<\/h4>\n<p style=\"font-weight: 400;\">\u2018<em>Beslissingen en dynamiek scheidsgerecht<\/em>\u2019, NAI basis cursus, Amsterdam (13 december 2022)<\/p>\n<p style=\"font-weight: 400;\">\u2018<em>Beslissingen en dynamiek scheidsgerecht<\/em>\u2019, NAI basis cursus, Amsterdam (11 novembre 2022)<\/p>\n<p style=\"font-weight: 400;\">\u2018<em>How to navigate challenges and adapt to the new realities of construction arbitration<\/em>\u2019, Construction, engineering and infrastructure day conference, Hogan Lovells, Londres (4 octobre 2022)<\/p>\n<p style=\"font-weight: 400;\">\u2018<em>Multi-party and multi-contract arbitration<\/em>\u2019, NAI Inaugural Annual General meeting, Amsterdam (8 septembre 2022)<\/p>\n<p style=\"font-weight: 400;\">\u2018<em>Is consent still the foundation of international arbitration<\/em>\u2019, 4th Sciences Po Mayer Brown Arbitration Lecture, Paris (7 juin 2022)<\/p>\n<p style=\"font-weight: 400;\">\u2018<em>Interim relief in international arbitration<\/em>\u2019, International Arbitration Symposium, Salzbourg (3 juin 2022)<\/p>\n<p style=\"font-weight: 400;\">\u2018<em>Arbitrage\u00a0:<\/em> <em>extension de la clause, son effet positif et n\u00e9gatif et les mesures provisoires<\/em>\u2019, Ecole de formation du Barreau de Paris (EFB), Paris (1 avril 2022)<\/p>\n<p style=\"font-weight: 400;\">\u2018<em>Arbitrability: Decoding the Present and Predicting the Future<\/em>\u2019, Paris Arbitration Week, Clyde&amp;Co (30 mars 2022)<\/p>\n<p style=\"font-weight: 400;\">\u2018<em>Good faith in construction arbitration<\/em>\u2019, Paris Arbitration Week, Kroll (30 mars 2022)<\/p>\n<p style=\"font-weight: 400;\">\u2018<em>Abuse of process<\/em>\u2019, Mute Off Thursdays, Arbitral Women, visioconf\u00e9rence (6 janvier 2022)<\/p>\n<h4>2021<\/h4>\n<p>&lsquo;<em>Dos and Don&rsquo;ts &#8211; how to plan and strategize an arbitration case: A Knowledge Sharing Session<\/em>&lsquo;, Caf\u00e9 des Arbitres, Paris (18 novembre 2021)<\/p>\n<p><span lang=\"EN-US\">\u2018<\/span><em>The Latest Arbitration Trends and the New ICDR International Dispute Resolution Procedures<\/em><span lang=\"EN-US\">\u2019<\/span>, Bucharest International Arbitration Court (BIAC), visioconf\u00e9rence (20 octobre 2021)<\/p>\n<p><span lang=\"EN-US\">\u2018<\/span><em>Opening Statements and Closing Arguments in International Arbitration<\/em><span lang=\"EN-US\">\u2019<\/span>, Foundation for International Arbitration Advocacy (FIAA), visioconf\u00e9rence (4 juin 2021)<\/p>\n<p><span lang=\"EN-US\">\u2018<\/span><em>Examination-in-Chief<\/em><span lang=\"EN-US\">\u2019<\/span>, FIAA, visioconf\u00e9rence (3 juin 2021)<\/p>\n<p><span lang=\"EN-US\">\u2018<\/span><em>De ICC Arbitrageregels toegepast in een mock casus<\/em><span lang=\"EN-US\">\u2019<\/span>, ICC Netherlands,\u00a0visioconf\u00e9rence (26 mai 2021)<\/p>\n<p><span lang=\"EN-US\">\u2018<\/span><span lang=\"EN-US\"><em>IP arbitration \u2013 ICC experience and practical experience<\/em>\u2019, ICC Advanced PIDA training, visioconf\u00e9rence (28 janvier 2022)<\/span><\/p>\n<p><span lang=\"EN-US\">\u2018<\/span><em>Analysis of the draft Award<\/em><span lang=\"EN-US\">\u2019<\/span>,\u00a0<span lang=\"EN-US\">ICC Advanced PIDA training, visioconf\u00e9rence (25 janvier 2022)<\/span><\/p>\n<h4>2020<\/h4>\n<p>\u2018<em>Arbitration of Patent Disputes<\/em>\u2019, European Patent Lawyers\u2019 Association (EPLAW), <span lang=\"EN-US\">visioconf\u00e9rence<\/span>\u00a0(4 d\u00e9cembre 2020)<\/p>\n<p>\u2018<em>Back to Basics: Make Arbitration Flexible (Again!)<\/em>\u2019, Caf\u00e9 de Arbitres, Paris, (17 novembre 2020)<\/p>\n<p>&lsquo;<em>Bankruptcy &amp; Competition Law \u2013 Arbitrator&rsquo;s Perspective<\/em>&lsquo;, Vienna Arbitration Days (21-22 f\u00e9vrier 2020)<\/p>\n<p>&lsquo;<em>L&rsquo;\u00e9volution du R\u00e8glement IBA et son application en pratique<\/em>&lsquo;, Barreau de Paris (19 f\u00e9vrier 2020)<\/p>\n<p><em>Pour plus d\u2019information, n\u2019h\u00e9sistez pas \u00e0 faire une <\/em><a href=\"https:\/\/vanhooft-legal.com\/fr\/contact\/\"><em>demande<\/em><\/a><em>.<\/em><\/p>\n<p>[\/et_pb_text][\/et_pb_column][\/et_pb_row][\/et_pb_section]<\/p>\n","protected":false},"excerpt":{"rendered":"<p>PUBLICATIONS A. van Hooft, \u2018Netherlands\u2019, in ENFORCEMENT OF INVESTMENT TREATY ARBITRATION AWARDS, 2nd edition, ed. Julien Fouret, Globe Law and Business, d\u00e9cembre 2020. A. van Hooft, \u2018The Netherlands: Reinstatement of the Yukos Awards\u2019, 3 ICC Bull., novembre 2020. A. van Hooft, \u2018Arbitration and Intellectual Property\u2019, Liber Amicorum, 50 years of solutions Cepani 1969 \u2013 2019, [&hellip;]<\/p>\n","protected":false},"author":1,"featured_media":0,"parent":0,"menu_order":0,"comment_status":"closed","ping_status":"closed","template":"","meta":{"_et_pb_use_builder":"on","_et_pb_old_content":"","_et_gb_content_width":"","_exactmetrics_skip_tracking":false,"_exactmetrics_sitenote_active":false,"_exactmetrics_sitenote_note":"","_exactmetrics_sitenote_category":0,"footnotes":""},"class_list":["post-447","page","type-page","status-publish","hentry"],"_links":{"self":[{"href":"https:\/\/vanhooft-legal.com\/fr\/wp-json\/wp\/v2\/pages\/447","targetHints":{"allow":["GET"]}}],"collection":[{"href":"https:\/\/vanhooft-legal.com\/fr\/wp-json\/wp\/v2\/pages"}],"about":[{"href":"https:\/\/vanhooft-legal.com\/fr\/wp-json\/wp\/v2\/types\/page"}],"author":[{"embeddable":true,"href":"https:\/\/vanhooft-legal.com\/fr\/wp-json\/wp\/v2\/users\/1"}],"replies":[{"embeddable":true,"href":"https:\/\/vanhooft-legal.com\/fr\/wp-json\/wp\/v2\/comments?post=447"}],"version-history":[{"count":30,"href":"https:\/\/vanhooft-legal.com\/fr\/wp-json\/wp\/v2\/pages\/447\/revisions"}],"predecessor-version":[{"id":928,"href":"https:\/\/vanhooft-legal.com\/fr\/wp-json\/wp\/v2\/pages\/447\/revisions\/928"}],"wp:attachment":[{"href":"https:\/\/vanhooft-legal.com\/fr\/wp-json\/wp\/v2\/media?parent=447"}],"curies":[{"name":"wp","href":"https:\/\/api.w.org\/{rel}","templated":true}]}}