{"id":794,"date":"2023-02-15T10:27:29","date_gmt":"2023-02-15T10:27:29","guid":{"rendered":"https:\/\/vanhooft-legal.com\/?page_id=794"},"modified":"2023-02-20T14:13:03","modified_gmt":"2023-02-20T14:13:03","slug":"benjamin-ross","status":"publish","type":"page","link":"https:\/\/vanhooft-legal.com\/fr\/benjamin-ross\/","title":{"rendered":"Benjamin K. E. Ross"},"content":{"rendered":"<p>[et_pb_section fb_built=\u00a0\u00bb1&Prime; _builder_version=\u00a0\u00bb4.16&Prime; custom_padding=\u00a0\u00bb3px|0px|0px|0px\u00a0\u00bb global_colors_info=\u00a0\u00bb{}\u00a0\u00bb][et_pb_row _builder_version=\u00a0\u00bb4.16&Prime; background_size=\u00a0\u00bbinitial\u00a0\u00bb background_position=\u00a0\u00bbtop_left\u00a0\u00bb background_repeat=\u00a0\u00bbrepeat\u00a0\u00bb custom_padding=\u00a0\u00bb0px|0px|0px|0px\u00a0\u00bb global_colors_info=\u00a0\u00bb{}\u00a0\u00bb][et_pb_column type=\u00a0\u00bb4_4&Prime; _builder_version=\u00a0\u00bb4.16&Prime; custom_padding=\u00a0\u00bb|||\u00a0\u00bb global_colors_info=\u00a0\u00bb{}\u00a0\u00bb custom_padding__hover=\u00a0\u00bb|||\u00a0\u00bb][et_pb_image src=\u00a0\u00bbhttps:\/\/vanhooft-legal.com\/wp-content\/uploads\/2018\/02\/Van-Hooft-Legal-foto-1.jpg\u00a0\u00bb align_tablet=\u00a0\u00bbcenter\u00a0\u00bb align_phone=\u00a0\u00bb\u00a0\u00bb align_last_edited=\u00a0\u00bbon|desktop\u00a0\u00bb _builder_version=\u00a0\u00bb4.16&Prime; global_colors_info=\u00a0\u00bb{}\u00a0\u00bb] [\/et_pb_image][\/et_pb_column][\/et_pb_row][\/et_pb_section][et_pb_section fb_built=\u00a0\u00bb1&Prime; _builder_version=\u00a0\u00bb4.16&Prime; custom_padding=\u00a0\u00bb25px|0px|0px|0px\u00a0\u00bb locked=\u00a0\u00bboff\u00a0\u00bb global_colors_info=\u00a0\u00bb{}\u00a0\u00bb][et_pb_row column_structure=\u00a0\u00bb2_3,1_3&Prime; _builder_version=\u00a0\u00bb4.16&Prime; custom_padding=\u00a0\u00bb0px|0px|38.0469px|0px\u00a0\u00bb global_colors_info=\u00a0\u00bb{}\u00a0\u00bb][et_pb_column type=\u00a0\u00bb2_3&Prime; _builder_version=\u00a0\u00bb4.16&Prime; custom_padding=\u00a0\u00bb|||\u00a0\u00bb global_colors_info=\u00a0\u00bb{}\u00a0\u00bb custom_padding__hover=\u00a0\u00bb|||\u00a0\u00bb][et_pb_text _builder_version=\u00a0\u00bb4.16&Prime; background_color=\u00a0\u00bbrgba(48,148,255,0.16)\u00a0\u00bb border_width_all=\u00a0\u00bb25px\u00a0\u00bb border_color_all=\u00a0\u00bbrgba(255,255,255,0)\u00a0\u00bb global_colors_info=\u00a0\u00bb{}\u00a0\u00bb]<\/p>\n<h2><b><span lang=\"EN-US\">BENJAMIN K. E. Ross<o:p><\/o:p><\/span><\/b><\/h2>\n<p>Benjamin Ross concentre sa pratique sur l\u2019arbitrage international. Il intervient en tant que conseil ou secr\u00e9taire du tribunal arbitral dans des proc\u00e9dures arbitrales men\u00e9es en vertu des r\u00e8gles d\u2019arbitrage de plusieurs institutions (<span lang=\"EN-US\">AFA, CCI, CEPANI, CIRDI, DIA, HKIAC, NAI, OMPI, SCC, SIAC, Swiss Chambers, VIAC)<\/span><span style=\"font-size: 18px;\">, ainsi que dans des proc\u00e9dures <\/span><em style=\"font-size: 18px;\">ad hoc<\/em><span style=\"font-size: 18px;\">, notamment en vertu des r\u00e8gles d\u2019arbitrage de la CNUDCI. \u00a0Il intervient \u00e9galement dans proc\u00e9dures li\u00e9es \u00e0 l\u2019arbitrage devant les tribunaux fran\u00e7ais, telles que les demandes de mesures conservatoires et les proc\u00e9dures d\u2019ex\u00e9cution ou d\u2019annulation.<\/span><\/p>\n<p>Avant de rejoindre van Hooft, Benjamin a travaill\u00e9 \u00e0 Paris au sein d\u2019un cabinet d\u2019avocats international et pour une prestigieuse boutique d\u2019arbitrage international.<\/p>\n<p><span lang=\"EN-US\"><\/span><\/p>\n<h3><strong>PARCOURS UNIVERSITAIRE<\/strong><\/h3>\n<p>American University Washington College of Law, Washington, District de Columbia, \u00c9tats-Unis, J.D. 2013<br \/>Universit\u00e9 Paris Nanterre, Nanterre, France, Master 2 Bilingue Droit Fran\u00e7ais \/ Common Law 2013<br \/>University of Essex, Colchester, Royaume-Uni, LLB English and French Law 2011<br \/>Universit\u00e9 Paris Nanterre, Nanterre, France, Master 1 Bilingue Droit Fran\u00e7ais \/ Common Law 2011<\/p>\n<p><b><span lang=\"EN-US\"><\/span><\/b><\/p>\n<h3><strong>BARREAUX<\/strong><\/h3>\n<p><span lang=\"EN-US\">Paris (2017)<br \/><o:p><\/o:p><\/span><span lang=\"EN-US\">New York (2014)<o:p><\/o:p><\/span><\/p>\n<p><b><span lang=\"EN-US\"><\/span><\/b><\/p>\n<h3><strong>ACTIVITES PROFESSIONNELLES<\/strong><\/h3>\n<p>Ancien membre du comit\u00e9 d\u2019organisation du groupe PVYAP (Paris Very Young Arbitration Practitioners)<span lang=\"EN-US\">.<\/span><\/p>\n<p>Membre du conseil d&rsquo;administration de SPAB (Association Sport Au Barreau de Paris).<span lang=\"EN-US\"><\/span><\/p>\n<p><span lang=\"EN-US\"><\/span><\/p>\n<p><span>+33 6 7978 5408<\/span><span> | <\/span><a href=\"mailto:%20benjamin.ross@vanhooft-legal.com\"><strong>benjamin.ross@vanhooft-legal.com<\/strong><\/a><\/p>\n<p>[\/et_pb_text][\/et_pb_column][et_pb_column type=\u00a0\u00bb1_3&Prime; _builder_version=\u00a0\u00bb4.16&Prime; custom_padding=\u00a0\u00bb|||\u00a0\u00bb global_colors_info=\u00a0\u00bb{}\u00a0\u00bb custom_padding__hover=\u00a0\u00bb|||\u00a0\u00bb][et_pb_image src=\u00a0\u00bbhttps:\/\/vanhooft-legal.com\/wp-content\/uploads\/2023\/02\/AVH-Website-6_Benjamin_TeamF.jpg\u00a0\u00bb alt=\u00a0\u00bbBenjamin Ross\u00a0\u00bb title_text=\u00a0\u00bbAVH Website-6_Benjamin_TeamF\u00a0\u00bb url=\u00a0\u00bbmailto:%20benjamin.ross@vanhooft-legal.com\u00a0\u00bb align_tablet=\u00a0\u00bbcenter\u00a0\u00bb align_phone=\u00a0\u00bb\u00a0\u00bb align_last_edited=\u00a0\u00bbon|desktop\u00a0\u00bb _builder_version=\u00a0\u00bb4.19.5&Prime; global_colors_info=\u00a0\u00bb{}\u00a0\u00bb][\/et_pb_image][\/et_pb_column][\/et_pb_row][\/et_pb_section]<\/p>\n","protected":false},"excerpt":{"rendered":"<p>BENJAMIN K. E. Ross Benjamin Ross concentre sa pratique sur l\u2019arbitrage international. Il intervient en tant que conseil ou secr\u00e9taire du tribunal arbitral dans des proc\u00e9dures arbitrales men\u00e9es en vertu des r\u00e8gles d\u2019arbitrage de plusieurs institutions (AFA, CCI, CEPANI, CIRDI, DIA, HKIAC, NAI, OMPI, SCC, SIAC, Swiss Chambers, VIAC), ainsi que dans des proc\u00e9dures ad [&hellip;]<\/p>\n","protected":false},"author":2,"featured_media":0,"parent":0,"menu_order":0,"comment_status":"closed","ping_status":"closed","template":"","meta":{"_et_pb_use_builder":"on","_et_pb_old_content":"","_et_gb_content_width":"","_exactmetrics_skip_tracking":false,"_exactmetrics_sitenote_active":false,"_exactmetrics_sitenote_note":"","_exactmetrics_sitenote_category":0,"footnotes":""},"class_list":["post-794","page","type-page","status-publish","hentry"],"_links":{"self":[{"href":"https:\/\/vanhooft-legal.com\/fr\/wp-json\/wp\/v2\/pages\/794","targetHints":{"allow":["GET"]}}],"collection":[{"href":"https:\/\/vanhooft-legal.com\/fr\/wp-json\/wp\/v2\/pages"}],"about":[{"href":"https:\/\/vanhooft-legal.com\/fr\/wp-json\/wp\/v2\/types\/page"}],"author":[{"embeddable":true,"href":"https:\/\/vanhooft-legal.com\/fr\/wp-json\/wp\/v2\/users\/2"}],"replies":[{"embeddable":true,"href":"https:\/\/vanhooft-legal.com\/fr\/wp-json\/wp\/v2\/comments?post=794"}],"version-history":[{"count":4,"href":"https:\/\/vanhooft-legal.com\/fr\/wp-json\/wp\/v2\/pages\/794\/revisions"}],"predecessor-version":[{"id":815,"href":"https:\/\/vanhooft-legal.com\/fr\/wp-json\/wp\/v2\/pages\/794\/revisions\/815"}],"wp:attachment":[{"href":"https:\/\/vanhooft-legal.com\/fr\/wp-json\/wp\/v2\/media?parent=794"}],"curies":[{"name":"wp","href":"https:\/\/api.w.org\/{rel}","templated":true}]}}